{"id":76,"date":"2023-03-21T10:25:57","date_gmt":"2023-03-21T10:25:57","guid":{"rendered":"https:\/\/upbeat-curie.212-227-165-137.plesk.page\/?page_id=76"},"modified":"2025-07-29T06:12:15","modified_gmt":"2025-07-29T06:12:15","slug":"erstinformation","status":"publish","type":"page","link":"https:\/\/agrarakademie.de\/index.php\/erstinformation\/","title":{"rendered":"Erstinformation"},"content":{"rendered":"\n<p><strong>Erstinformation gem\u00e4\u00df \u00a7 15 Versicherungsvermittlungsverordnung<\/strong><\/p>\n\n\n\n<p>Die vorstehend genannte Firma ist bei der zust\u00e4nden Beh\u00f6rde gemeldet und im Vermittlerregister eingetragen als&nbsp;<strong>Versicherungsmakler mit einer Erlaubnis nach \u00a7 34 d Abs. 1 der Gewerbeordnung<\/strong>&nbsp;und der Registrierungsnummer D-F6LM-3H754-83.<\/p>\n\n\n\n<p>Zust\u00e4ndige Erlaubnisbeh\u00f6rde<br>IHK S\u00fcdwestsachsen Chemnitz-Plauen-Zwickau, Stra\u00dfe der Nationen 25, 09111 Chemnitz<\/p>\n\n\n\n<p>Die Eintragung im Vermittlerregister kann wie folgt \u00fcberpr\u00fcft werden:<\/p>\n\n\n\n<p>Deutscher Industrie- und Handelskammertag (DIHK) e.V., Breite Stra\u00dfe 29, 10178 Berlin,<br>Tel.: 0180 6 00 58 50 (Festnetzpreis 0,20 \u20ac\/Anruf; Mobilfunkpreise maximal 0,60 \u20ac\/Anruf)<br><a href=\"https:\/\/www.vermittlerregister.info\/\" target=\"_blank\" rel=\"noreferrer noopener\">www.vermittlerregister.info<\/a><\/p>\n\n\n\n<p>Als Versicherungsmakler bieten wir eine Beratung an. Die Verg\u00fctung \u2013 Courtage \u2013 f\u00fcr unsere Beratungs-, Vermittlungs- und Betreuungst\u00e4tigkeit tr\u00e4gt gewohnheitsrechtlich das Versicherungsunternehmen. Die Courtage ist Bestandteil der Versicherungspr\u00e4mie. Hiervon Abweichendes muss ausdr\u00fccklich zwischen uns und dem Auftraggeber vereinbart werden. Insbesondere bei der Vermittlung von sogenannten Nettoprodukten wird in der Regel eine separate Verg\u00fctungsabrede vereinbart, die den Auftraggeber zur Zahlung der Verg\u00fctung verpflichtet. Nettoprodukte sind Produkte bei denen die Vermittlungsverg\u00fctung nicht in der Versicherungspr\u00e4mie enthalten ist. Eine Verg\u00fctung in Form anderer Zuwendungen erh\u00e4lt unser Unternehmen nicht.<br>Die gvf VersicherungsMakler AG h\u00e4lt keine direkte oder indirekte Beteiligung von \u00fcber 10 % an den Stimmrechten oder am Kapital eines Versicherungsunternehmens. Ein Versicherungsunternehmen oder Mutterunternehmen h\u00e4lt keine direkte oder indirekte Beteiligung von \u00fcber 10 % an den Stimmrechten oder am Kapital der gvf VersicherungsMakler AG.<\/p>\n\n\n\n<p>Informationen zu den Schlichtungsstellen gem\u00e4\u00df \u00a7 214 VVG und zur Teilnahme am Streitbeilegungsverfahren gem\u00e4\u00df \u00a7 36 Verbraucherstreitbeilegungsgesetz (VSBG).<\/p>\n\n\n\n<p>Zur au\u00dfergerichtlichen Streitbeilegung k\u00f6nnen folgende Schlichtungsstellen angerufen werden. Gem\u00e4\u00df \u00a7 17 Abs. 4 VersVermV sind wir verpflichtet, an Streitbeilegungsverfahren vor folgenden Verbraucherstreitschlichtungsstellen teilzunehmen:<\/p>\n\n\n\n<p>Versicherungsombudsmann e. V.<br>Postfach 08 06 32<br>10006 Berlin,<br>www.versicherungsombudsmann.de<\/p>\n\n\n\n<p>Ombudsmann f\u00fcr die private Kranken- und Pflegeversicherung,<br>Leipziger Str. 104, 10117 Berlin<br>10052 Berlin<br><a href=\"http:\/\/www.pkv-ombudsmann.de\/\">www.pkv-ombudsmann.de<\/a><\/p>\n\n\n\n<p><strong>Beschwerdemanagement<\/strong><br>Bei Beschwerden \u00fcber unsere T\u00e4tigkeit wenden Sie sich gerne an unsere Beschwerdestelle:<\/p>\n\n\n\n<p>E-Mail:&nbsp;<a href=\"mailto:beschwerde@gvf.de\" target=\"_blank\" rel=\"noreferrer noopener\">beschwerde@gvf.de<\/a><br>Tel.: 0371 2783-0<\/p>\n\n\n\n<p><strong>Berufsrechtliche Regelungen<\/strong><\/p>\n\n\n\n<ul class=\"wp-block-list\">\n<li>\u00a7 34d Gewerbeordnung (GewO)<\/li>\n\n\n\n<li>\u00a7\u00a7 59-68 Versicherungsvertragsgesetz (VVG)<\/li>\n\n\n\n<li>Versicherungsvermittlungsverordnung (VersVermV)<\/li>\n<\/ul>\n\n\n\n<p>Die berufsrechtlichen Regelungen k\u00f6nnen \u00fcber die vom Bundesministerium der Justiz und von der juris GmbH betriebene Homepage www.gesetze-im-internet.de eingesehen und abgerufen werden.<\/p>\n\n\n\n<p>Eintragung im Vermittlerregister als Versicherungsmakler mit&nbsp;einer Erlaubnis nach \u00a7 34d Abs. 1 der Gewerbeordnung mit der&nbsp;Registrierungsnummer D-F6LM-3H754-83, Bundesrepublik Deutschland.<\/p>\n\n\n\n<p>Die Eintragung im Vermittlerregister kann wie folgt \u00fcberpr\u00fcft werden:<br><strong>Deutscher Industrie-und Handelskammertag (DIHK) e.V.<\/strong><br>Breite Stra\u00dfe 29<br>10178 Berlin<br>Telefon: 0 180 6 00 58 50<br>(Festnetzpreis 0,20 \u20ac\/ Anruf; Mobilfunkpreise maximal 0,60 \u20ac\/ Anruf)<br><a href=\"http:\/\/www.vermittlerregister.info\/\" target=\"_blank\" rel=\"noreferrer noopener\">www.vermittlerregister.info<\/a><\/p>\n","protected":false},"excerpt":{"rendered":"<p>Erstinformation gem\u00e4\u00df \u00a7 15 Versicherungsvermittlungsverordnung Die vorstehend genannte Firma ist bei der zust\u00e4nden Beh\u00f6rde gemeldet und im Vermittlerregister eingetragen als&nbsp;Versicherungsmakler mit einer Erlaubnis nach \u00a7 34 d Abs. 1 der Gewerbeordnung&nbsp;und der Registrierungsnummer D-F6LM-3H754-83.&#46;&#46;&#46;<\/p>\n","protected":false},"author":1,"featured_media":0,"parent":0,"menu_order":0,"comment_status":"closed","ping_status":"closed","template":"","meta":{"footnotes":""},"class_list":["post-76","page","type-page","status-publish","hentry"],"_links":{"self":[{"href":"https:\/\/agrarakademie.de\/index.php\/wp-json\/wp\/v2\/pages\/76","targetHints":{"allow":["GET"]}}],"collection":[{"href":"https:\/\/agrarakademie.de\/index.php\/wp-json\/wp\/v2\/pages"}],"about":[{"href":"https:\/\/agrarakademie.de\/index.php\/wp-json\/wp\/v2\/types\/page"}],"author":[{"embeddable":true,"href":"https:\/\/agrarakademie.de\/index.php\/wp-json\/wp\/v2\/users\/1"}],"replies":[{"embeddable":true,"href":"https:\/\/agrarakademie.de\/index.php\/wp-json\/wp\/v2\/comments?post=76"}],"version-history":[{"count":2,"href":"https:\/\/agrarakademie.de\/index.php\/wp-json\/wp\/v2\/pages\/76\/revisions"}],"predecessor-version":[{"id":633,"href":"https:\/\/agrarakademie.de\/index.php\/wp-json\/wp\/v2\/pages\/76\/revisions\/633"}],"wp:attachment":[{"href":"https:\/\/agrarakademie.de\/index.php\/wp-json\/wp\/v2\/media?parent=76"}],"curies":[{"name":"wp","href":"https:\/\/api.w.org\/{rel}","templated":true}]}}